{"id":281,"date":"2022-02-15T06:59:14","date_gmt":"2022-02-15T05:59:14","guid":{"rendered":"https:\/\/www.finnegans-public-house.de\/the-finnegans\/"},"modified":"2023-02-24T15:51:06","modified_gmt":"2023-02-24T14:51:06","slug":"the-finnegans","status":"publish","type":"page","link":"https:\/\/www.finnegans-public-house.de\/en\/the-finnegans\/","title":{"rendered":"The Finnegan&#8217;s"},"content":{"rendered":"<p>[et_pb_section fb_built=&#8221;1&#8243; _builder_version=&#8221;4.14.6&#8243; _module_preset=&#8221;default&#8221; background_color=&#8221;#221F20&#8243; custom_padding=&#8221;41px||4px|||&#8221; global_colors_info=&#8221;{}&#8221;][et_pb_row _builder_version=&#8221;4.14.7&#8243; _module_preset=&#8221;default&#8221; custom_padding=&#8221;||4px|||&#8221; global_colors_info=&#8221;{}&#8221;][et_pb_column type=&#8221;4_4&#8243; _builder_version=&#8221;4.14.7&#8243; _module_preset=&#8221;default&#8221; global_colors_info=&#8221;{}&#8221;][et_pb_text _builder_version=&#8221;4.14.7&#8243; _module_preset=&#8221;default&#8221; text_line_height=&#8221;1.6em&#8221; background_layout=&#8221;dark&#8221; custom_margin=&#8221;||10px|||&#8221; global_colors_info=&#8221;{}&#8221;]<\/p>\n<h1>Our idea of an Irish Pub<\/h1>\n<p>[\/et_pb_text][\/et_pb_column][\/et_pb_row][et_pb_row column_structure=&#8221;1_2,1_2&#8243; use_custom_gutter=&#8221;on&#8221; gutter_width=&#8221;3&#8243; custom_padding_last_edited=&#8221;on|phone&#8221; _builder_version=&#8221;4.14.7&#8243; _module_preset=&#8221;default&#8221; width_phone=&#8221;90%&#8221; width_last_edited=&#8221;off|desktop&#8221; module_alignment=&#8221;center&#8221; custom_padding=&#8221;18px||40px||false|false&#8221; custom_padding_tablet=&#8221;&#8221; custom_padding_phone=&#8221;20px||20px||true|false&#8221; global_colors_info=&#8221;{}&#8221;][et_pb_column type=&#8221;1_2&#8243; _builder_version=&#8221;4.9.0&#8243; _module_preset=&#8221;default&#8221; global_colors_info=&#8221;{}&#8221;][et_pb_text _builder_version=&#8221;4.14.7&#8243; _module_preset=&#8221;default&#8221; text_line_height=&#8221;1.6em&#8221; background_layout=&#8221;dark&#8221; custom_margin=&#8221;||55px|||&#8221; global_colors_info=&#8221;{}&#8221;]<\/p>\n<p>&#8220;Finnegan&#8217;s Wake&#8221; von James Joyce ist eine klassische Geschichte \u00fcber Dublin &#8211; \u00fcber einen Dubliner, der Pubs und gute Drinks liebte. Unsere G\u00e4ste bekommen das Gef\u00fchl, sie w\u00e4ren auf den Spuren Finnegans in einem seiner Lieblings-Pubs mitten in Dublin. Unweit einer der gesch\u00e4ftigsten Shopping-Meilen der Stadt (der Schlo\u00dfstra\u00dfe) gelegen, haben wir eine Atmosph\u00e4re geschaffen, die irische Pubs weltweit so einzigartig macht.<\/p>\n<p>Da, wo Jung und Alt sich bei einem Pint of Beer entspannen und eine Runde Darts spielen k\u00f6nnen. Da, wo Menschen ein Fu\u00dfball- oder Rugby-Spiel genie\u00dfen k\u00f6nnen. Und da, wo man viel Spa\u00df haben kann mit Freunden &#8211; neuen und alten.<\/p>\n<p>In Irland gibt es keinen besseren Platz, um sich nach einem Tag harter Arbeit zu treffen, als den guten Pub nebenan, mit guten Getr\u00e4nken, gutem Essen, guter Atmosph\u00e4re.<\/p>\n<p>Da, wo man einfach eine gute Zeit hat.<\/p>\n<p>Das Finnegan&#8217;s bietet exzellentes Essen, eine gro\u00dfe Auswahl an Bieren und Whiskeys, Berlins besten Irish Coffee &#8211; und Mitarbeiter mit einem gro\u00dfen Herzen und schnellen Beinen.<\/p>\n<p>Unser Motto:<\/p>\n<div><img loading=\"lazy\" decoding=\"async\" src=\"https:\/\/www.finnegans-public-house.de\/wp-content\/uploads\/ifwedontlike-300x76.png\" width=\"300\" height=\"76\" alt=\"\" class=\"wp-image-122 alignnone size-medium\" srcset=\"https:\/\/www.finnegans-public-house.de\/wp-content\/uploads\/ifwedontlike-300x76.png 300w, https:\/\/www.finnegans-public-house.de\/wp-content\/uploads\/ifwedontlike.png 331w\" sizes=\"auto, (max-width: 300px) 100vw, 300px\" \/><\/div>\n<p>Unsere Men\u00fcs bieten traditionelle Klassiker der irischen K\u00fcche, lokale Leibgerichte und t\u00e4glich wechselnde Spezialit\u00e4ten.<\/p>\n<p>Unser Ziel ist es, dass alle Menschen, die ins Finnegan&#8217;s kommen, sich bei uns zu Hause f\u00fchlen. Das Finnegan&#8217;s ist einfach ein Pub &#8211; da wo man sein sollte.<\/p>\n<p>[\/et_pb_text][\/et_pb_column][et_pb_column type=&#8221;1_2&#8243; _builder_version=&#8221;4.14.7&#8243; _module_preset=&#8221;default&#8221; global_colors_info=&#8221;{}&#8221;][et_pb_gallery gallery_ids=&#8221;225,223,215,219,221,217,211,209,227,207,205&#8243; fullwidth=&#8221;on&#8221; _builder_version=&#8221;4.14.7&#8243; _module_preset=&#8221;default&#8221; background_layout=&#8221;dark&#8221; custom_margin=&#8221;||86px|||&#8221; custom_padding=&#8221;0px||||false|false&#8221; global_colors_info=&#8221;{}&#8221;][\/et_pb_gallery][et_pb_toggle title=&#8221;Where does the name %22Finnegan&#8217;s%22 actually come from?&#8221; open_toggle_text_color=&#8221;#221F20&#8243; open_toggle_background_color=&#8221;#CBAB70&#8243; closed_toggle_background_color=&#8221;#CBAB70&#8243; icon_color=&#8221;#221F20&#8243; use_icon_font_size=&#8221;on&#8221; icon_font_size=&#8221;34px&#8221; open_icon_color=&#8221;#221F20&#8243; open_use_icon_font_size=&#8221;on&#8221; open_icon_font_size=&#8221;34px&#8221; _builder_version=&#8221;4.14.7&#8243; _module_preset=&#8221;default&#8221; title_text_color=&#8221;#221F20&#8243; border_width_all=&#8221;0px&#8221; global_colors_info=&#8221;{}&#8221;]Tim Finnegan lived in Walkin&#8217; Street<br \/>\nA gentleman, Irish, mighty odd;<br \/>\nHe had a brogue both rich and sweet<br \/>\nAnd to rise in the world he carried a hod.<br \/>\nNow Tim had a sort of the tipplin&#8217; way<br \/>\nWith a love of the whiskey he was born<br \/>\nAnd to help him on with his work each day<br \/>\nHe&#8217;d a &#8220;drop of the cray-thur&#8221; every morn.<\/p>\n<p>Chorus:<br \/>\nWhack fol the darn O, dance to your partner<br \/>\nWhirl the floor, your trotters shake;<br \/>\nWasn&#8217;t it the truth I told you<br \/>\nLots of fun at Finnegan&#8217;s wake!<\/p>\n<p>One mornin&#8217; Tim was feelin&#8217; full<br \/>\nHis head was heavy which made him shake;<br \/>\nHe fell from the ladder and broke his skull<br \/>\nAnd they carried him home his corpse to wake.<br \/>\nThey rolled him up in a nice clean sheet<br \/>\nAnd laid him out upon the bed,<br \/>\nA gallon of whiskey at his feet<br \/>\nAnd a barrel of porter at his head.<\/p>\n<p>Chorus<\/p>\n<p>His friends assembled at the wake<br \/>\nAnd Mrs. Finnegan called for lunch,<br \/>\nFirst they brought in tay and cake<br \/>\nThen pipes, tobacco and whiskey punch.<br \/>\nBiddy O&#8217;Brien began to bawl<br \/>\n&#8220;Such a nice clean corpse, did you ever see?<br \/>\n&#8220;O Tim, mavourneen, why did you die?&#8221;<br \/>\nArragh, hold your gob said Paddy McGhee!<\/p>\n<p>Chorus<\/p>\n<p>Then Maggie O&#8217;Connor took up the job<br \/>\n&#8220;O Biddy,&#8221; says she, &#8220;You&#8217;re wrong, I&#8217;m sure&#8221;<br \/>\nBiddy she gave her a belt in the gob<br \/>\nAnd left her sprawlin&#8217; on the floor.<br \/>\nAnd then the war did soon engage<br \/>\n&#8216;Twas woman to woman and man to man,<br \/>\nShillelagh law was all the rage<br \/>\nAnd a row and a ruction soon began.<\/p>\n<p>Chorus<\/p>\n<p>Then Mickey Maloney ducked his head<br \/>\nWhen a noggin of whiskey flew at him,<br \/>\nIt missed, and falling on the bed<br \/>\nThe liquor scattered over Tim!<br \/>\nThe corpse revives! See how he raises!<br \/>\nTimothy rising from the bed,<br \/>\nSays,&#8221;Whirl your whiskey around like blazes<br \/>\nThanum an Dhul! Do you thunk I&#8217;m dead?&#8221;<\/p>\n<p>Chorus[\/et_pb_toggle][\/et_pb_column][\/et_pb_row][\/et_pb_section][et_pb_section fb_built=&#8221;1&#8243; _builder_version=&#8221;4.14.6&#8243; _module_preset=&#8221;default&#8221; background_color=&#8221;#FFFFFF&#8221; width=&#8221;100%&#8221; custom_margin=&#8221;|0px|||false|false&#8221; custom_padding=&#8221;0px|0px|0px||true|false&#8221; global_colors_info=&#8221;{}&#8221;][et_pb_row column_structure=&#8221;1_2,1_2&#8243; _builder_version=&#8221;4.14.7&#8243; _module_preset=&#8221;default&#8221; width=&#8221;100%&#8221; max_width=&#8221;2560px&#8221; custom_margin=&#8221;|0px|||false|false&#8221; custom_padding=&#8221;0px|0px|0px||true|false&#8221; global_colors_info=&#8221;{}&#8221;][et_pb_column type=&#8221;1_2&#8243; _builder_version=&#8221;4.14.7&#8243; _module_preset=&#8221;default&#8221; custom_padding=&#8221;|||12%|false|false&#8221; custom_padding_tablet=&#8221;|||10%|false|false&#8221; custom_padding_phone=&#8221;|||10%|false|false&#8221; custom_padding_last_edited=&#8221;on|phone&#8221; global_colors_info=&#8221;{}&#8221;][et_pb_text _builder_version=&#8221;4.14.7&#8243; _module_preset=&#8221;default&#8221; header_2_text_color=&#8221;#CBAB70&#8243; width_tablet=&#8221;&#8221; width_phone=&#8221;95%&#8221; width_last_edited=&#8221;on|desktop&#8221; module_alignment=&#8221;right&#8221; custom_margin=&#8221;50px||50px||true|false&#8221; custom_margin_tablet=&#8221;&#8221; custom_margin_phone=&#8221;50px||50px|0px|true|false&#8221; custom_margin_last_edited=&#8221;on|phone&#8221; custom_padding=&#8221;|||0px|false|false&#8221; custom_padding_tablet=&#8221;|||0px|false|false&#8221; custom_padding_phone=&#8221;|||0px|false|false&#8221; custom_padding_last_edited=&#8221;on|desktop&#8221; module_alignment_tablet=&#8221;center&#8221; module_alignment_phone=&#8221;left&#8221; module_alignment_last_edited=&#8221;on|tablet&#8221; global_colors_info=&#8221;{}&#8221;]<\/p>\n<h2>How to find us<\/h2>\n<p>Finnegan&#8217;s is a five-minute walk from the Rathaus Steglitz S-Bahn and U-Bahn stations.<\/p>\n<p>Address: Bergstra\u00dfe 8, 12169 Berli<\/p>\n<p><strong>Reservations<\/strong> by phone at. +49 30 &#8211; 7 92 07 09 oder <a href=\"https:\/\/www.facebook.com\/finnegansberlin\" class=\"broken_link\">Facebook Messenger<\/a><\/p>\n<p>[\/et_pb_text][et_pb_button button_url=&#8221;https:\/\/www.finnegans-public-house.de\/wp-content\/uploads\/Menue_Neu_Juli.pdf&#8221; button_text=&#8221;See the menu&#8221; button_alignment=&#8221;left&#8221; _builder_version=&#8221;4.14.7&#8243; _module_preset=&#8221;default&#8221; global_colors_info=&#8221;{}&#8221;][\/et_pb_button][\/et_pb_column][et_pb_column type=&#8221;1_2&#8243; _builder_version=&#8221;4.9.0&#8243; _module_preset=&#8221;default&#8221; global_colors_info=&#8221;{}&#8221;][et_pb_map address=&#8221;Bergstra\u00dfe 8, 12169 Berlin, Deutschland&#8221; zoom_level=&#8221;14&#8243; address_lat=&#8221;52.4580117&#8243; address_lng=&#8221;13.3294467&#8243; _builder_version=&#8221;4.14.6&#8243; _module_preset=&#8221;default&#8221; width=&#8221;100%&#8221; min_height=&#8221;400px&#8221; global_colors_info=&#8221;{}&#8221;][et_pb_map_pin title=&#8221;Finnegan&#8217;s Irish Pub&#8221; pin_address=&#8221;Bergstra\u00dfe 8, 12169 Berlin, Deutschland&#8221; pin_address_lat=&#8221;52.4579548&#8243; pin_address_lng=&#8221;13.3293572&#8243; _builder_version=&#8221;4.14.6&#8243; _module_preset=&#8221;default&#8221; global_colors_info=&#8221;{}&#8221;][\/et_pb_map_pin][\/et_pb_map][\/et_pb_column][\/et_pb_row][\/et_pb_section]<\/p>\n","protected":false},"excerpt":{"rendered":"<p>Our idea of an Irish Pub&#8221;Finnegan&#8217;s Wake&#8221; von James Joyce ist eine klassische Geschichte \u00fcber Dublin &#8211; \u00fcber einen Dubliner, der Pubs und gute Drinks liebte. Unsere G\u00e4ste bekommen das Gef\u00fchl, sie w\u00e4ren auf den Spuren Finnegans in einem seiner Lieblings-Pubs mitten in Dublin. Unweit einer der gesch\u00e4ftigsten Shopping-Meilen der Stadt (der Schlo\u00dfstra\u00dfe) gelegen, haben [&hellip;]<\/p>\n","protected":false},"author":1,"featured_media":0,"parent":0,"menu_order":0,"comment_status":"closed","ping_status":"closed","template":"","meta":{"_et_pb_use_builder":"on","_et_pb_old_content":"","_et_gb_content_width":"","footnotes":""},"class_list":["post-281","page","type-page","status-publish","hentry"],"yoast_head":"<!-- This site is optimized with the Yoast SEO plugin v21.6 - https:\/\/yoast.com\/wordpress\/plugins\/seo\/ -->\n<title>The Finnegan&#039;s - Finnegan&#039;s Irish Pub &amp; Restaurant<\/title>\n<meta name=\"robots\" content=\"index, follow, max-snippet:-1, max-image-preview:large, max-video-preview:-1\" \/>\n<link rel=\"canonical\" href=\"https:\/\/www.finnegans-public-house.de\/en\/the-finnegans\/\" \/>\n<meta property=\"og:locale\" content=\"en_US\" \/>\n<meta property=\"og:type\" content=\"article\" \/>\n<meta property=\"og:title\" content=\"The Finnegan&#039;s - Finnegan&#039;s Irish Pub &amp; Restaurant\" \/>\n<meta property=\"og:url\" content=\"https:\/\/www.finnegans-public-house.de\/en\/the-finnegans\/\" \/>\n<meta property=\"og:site_name\" content=\"Finnegan&#039;s Irish Pub &amp; Restaurant\" \/>\n<meta property=\"article:modified_time\" content=\"2023-02-24T14:51:06+00:00\" \/>\n<meta property=\"og:image\" content=\"https:\/\/www.finnegans-public-house.de\/wp-content\/uploads\/ifwedontlike-300x76.png\" \/>\n<meta name=\"twitter:card\" content=\"summary_large_image\" \/>\n<meta name=\"twitter:label1\" content=\"Est. reading time\" \/>\n\t<meta name=\"twitter:data1\" content=\"6 minutes\" \/>\n<script type=\"application\/ld+json\" class=\"yoast-schema-graph\">{\"@context\":\"https:\/\/schema.org\",\"@graph\":[{\"@type\":\"WebPage\",\"@id\":\"https:\/\/www.finnegans-public-house.de\/en\/the-finnegans\/\",\"url\":\"https:\/\/www.finnegans-public-house.de\/en\/the-finnegans\/\",\"name\":\"The Finnegan's - Finnegan&#039;s Irish Pub &amp; Restaurant\",\"isPartOf\":{\"@id\":\"https:\/\/www.finnegans-public-house.de\/en\/#website\"},\"datePublished\":\"2022-02-15T05:59:14+00:00\",\"dateModified\":\"2023-02-24T14:51:06+00:00\",\"inLanguage\":\"en-US\",\"potentialAction\":[{\"@type\":\"ReadAction\",\"target\":[\"https:\/\/www.finnegans-public-house.de\/en\/the-finnegans\/\"]}]},{\"@type\":\"WebSite\",\"@id\":\"https:\/\/www.finnegans-public-house.de\/en\/#website\",\"url\":\"https:\/\/www.finnegans-public-house.de\/en\/\",\"name\":\"Finnegan&#039;s Irish Pub &amp; Restaurant\",\"description\":\"Since 1986\",\"potentialAction\":[{\"@type\":\"SearchAction\",\"target\":{\"@type\":\"EntryPoint\",\"urlTemplate\":\"https:\/\/www.finnegans-public-house.de\/en\/?s={search_term_string}\"},\"query-input\":\"required name=search_term_string\"}],\"inLanguage\":\"en-US\"}]}<\/script>\n<!-- \/ Yoast SEO plugin. -->","yoast_head_json":{"title":"The Finnegan's - Finnegan&#039;s Irish Pub &amp; Restaurant","robots":{"index":"index","follow":"follow","max-snippet":"max-snippet:-1","max-image-preview":"max-image-preview:large","max-video-preview":"max-video-preview:-1"},"canonical":"https:\/\/www.finnegans-public-house.de\/en\/the-finnegans\/","og_locale":"en_US","og_type":"article","og_title":"The Finnegan's - Finnegan&#039;s Irish Pub &amp; Restaurant","og_url":"https:\/\/www.finnegans-public-house.de\/en\/the-finnegans\/","og_site_name":"Finnegan&#039;s Irish Pub &amp; Restaurant","article_modified_time":"2023-02-24T14:51:06+00:00","og_image":[{"url":"https:\/\/www.finnegans-public-house.de\/wp-content\/uploads\/ifwedontlike-300x76.png"}],"twitter_card":"summary_large_image","twitter_misc":{"Est. reading time":"6 minutes"},"schema":{"@context":"https:\/\/schema.org","@graph":[{"@type":"WebPage","@id":"https:\/\/www.finnegans-public-house.de\/en\/the-finnegans\/","url":"https:\/\/www.finnegans-public-house.de\/en\/the-finnegans\/","name":"The Finnegan's - Finnegan&#039;s Irish Pub &amp; Restaurant","isPartOf":{"@id":"https:\/\/www.finnegans-public-house.de\/en\/#website"},"datePublished":"2022-02-15T05:59:14+00:00","dateModified":"2023-02-24T14:51:06+00:00","inLanguage":"en-US","potentialAction":[{"@type":"ReadAction","target":["https:\/\/www.finnegans-public-house.de\/en\/the-finnegans\/"]}]},{"@type":"WebSite","@id":"https:\/\/www.finnegans-public-house.de\/en\/#website","url":"https:\/\/www.finnegans-public-house.de\/en\/","name":"Finnegan&#039;s Irish Pub &amp; Restaurant","description":"Since 1986","potentialAction":[{"@type":"SearchAction","target":{"@type":"EntryPoint","urlTemplate":"https:\/\/www.finnegans-public-house.de\/en\/?s={search_term_string}"},"query-input":"required name=search_term_string"}],"inLanguage":"en-US"}]}},"_links":{"self":[{"href":"https:\/\/www.finnegans-public-house.de\/en\/wp-json\/wp\/v2\/pages\/281","targetHints":{"allow":["GET"]}}],"collection":[{"href":"https:\/\/www.finnegans-public-house.de\/en\/wp-json\/wp\/v2\/pages"}],"about":[{"href":"https:\/\/www.finnegans-public-house.de\/en\/wp-json\/wp\/v2\/types\/page"}],"author":[{"embeddable":true,"href":"https:\/\/www.finnegans-public-house.de\/en\/wp-json\/wp\/v2\/users\/1"}],"replies":[{"embeddable":true,"href":"https:\/\/www.finnegans-public-house.de\/en\/wp-json\/wp\/v2\/comments?post=281"}],"version-history":[{"count":7,"href":"https:\/\/www.finnegans-public-house.de\/en\/wp-json\/wp\/v2\/pages\/281\/revisions"}],"predecessor-version":[{"id":745,"href":"https:\/\/www.finnegans-public-house.de\/en\/wp-json\/wp\/v2\/pages\/281\/revisions\/745"}],"wp:attachment":[{"href":"https:\/\/www.finnegans-public-house.de\/en\/wp-json\/wp\/v2\/media?parent=281"}],"curies":[{"name":"wp","href":"https:\/\/api.w.org\/{rel}","templated":true}]}}